{"id":387,"date":"2020-01-17T13:50:12","date_gmt":"2020-01-17T12:50:12","guid":{"rendered":"https:\/\/www.rheuma-camp.org\/2022\/?page_id=387"},"modified":"2020-02-27T15:55:44","modified_gmt":"2020-02-27T14:55:44","slug":"impressum","status":"publish","type":"page","link":"https:\/\/www.rheuma-camp.org\/2022\/impressum\/","title":{"rendered":"Impressum"},"content":{"rendered":"\t\t<div data-elementor-type=\"wp-page\" data-elementor-id=\"387\" class=\"elementor elementor-387\">\n\t\t\t\t\t\t\t\t\t<section data-particle_enable=\"false\" data-particle-mobile-disabled=\"false\" class=\"elementor-section elementor-top-section elementor-element elementor-element-b9d29de elementor-section-boxed elementor-section-height-default elementor-section-height-default\" data-id=\"b9d29de\" data-element_type=\"section\">\n\t\t\t\t\t\t<div class=\"elementor-container elementor-column-gap-default\">\n\t\t\t\t\t<div class=\"elementor-column elementor-col-100 elementor-top-column elementor-element elementor-element-7a6a1c7\" data-id=\"7a6a1c7\" data-element_type=\"column\">\n\t\t\t<div class=\"elementor-widget-wrap elementor-element-populated\">\n\t\t\t\t\t\t\t\t<div class=\"elementor-element elementor-element-ce7c508 elementor-widget elementor-widget-heading\" data-id=\"ce7c508\" data-element_type=\"widget\" data-widget_type=\"heading.default\">\n\t\t\t\t<div class=\"elementor-widget-container\">\n\t\t\t<h2 class=\"elementor-heading-title elementor-size-default\">Impressum<\/h2>\t\t<\/div>\n\t\t\t\t<\/div>\n\t\t\t\t<div class=\"elementor-element elementor-element-34edc9d elementor-widget-divider--view-line elementor-widget elementor-widget-divider\" data-id=\"34edc9d\" data-element_type=\"widget\" data-widget_type=\"divider.default\">\n\t\t\t\t<div class=\"elementor-widget-container\">\n\t\t\t\t\t<div class=\"elementor-divider\">\n\t\t\t<span class=\"elementor-divider-separator\">\n\t\t\t\t\t\t<\/span>\n\t\t<\/div>\n\t\t\t\t<\/div>\n\t\t\t\t<\/div>\n\t\t\t\t\t<\/div>\n\t\t<\/div>\n\t\t\t\t\t\t\t<\/div>\n\t\t<\/section>\n\t\t\t\t<section data-particle_enable=\"false\" data-particle-mobile-disabled=\"false\" class=\"elementor-section elementor-top-section elementor-element elementor-element-1356280 elementor-section-boxed elementor-section-height-default elementor-section-height-default\" data-id=\"1356280\" data-element_type=\"section\">\n\t\t\t\t\t\t<div class=\"elementor-container elementor-column-gap-default\">\n\t\t\t\t\t<div class=\"elementor-column elementor-col-100 elementor-top-column elementor-element elementor-element-72429c5\" data-id=\"72429c5\" data-element_type=\"column\">\n\t\t\t<div class=\"elementor-widget-wrap elementor-element-populated\">\n\t\t\t\t\t\t\t\t<div class=\"elementor-element elementor-element-5ff5549 elementor-widget elementor-widget-text-editor\" data-id=\"5ff5549\" data-element_type=\"widget\" data-widget_type=\"text-editor.default\">\n\t\t\t\t<div class=\"elementor-widget-container\">\n\t\t\t\t\t\t\t<p>Verantwortlich im Sinne von \u00a7 5 TMG (Telemediengesetz) f\u00fcr diesen Internetauftritt ist:<\/p><p><strong>Universit\u00e4tsklinikum T\u00fcbingen<\/strong><br \/>Geissweg 3<br \/>72076 T\u00fcbingen<\/p><p><strong>Tel.:<\/strong> +49 07071 29-0<br \/><strong>Fax:<\/strong> +49 07071 29-3966<br \/><strong>Webseite:<\/strong> <a href=\"https:\/\/www.medizin.uni-tuebingen.de\/de\/startseite#\" target=\"_blank\" rel=\"noopener\">www.medizin.uni-tuebingen.de<\/a><\/p><p><strong>Institutskennzeichen: <\/strong>IK 260 840 108<\/p><p><strong>Steuer-Nr.:<\/strong> 86156\/09402<\/p><p><strong>USt-ID:<\/strong> DE 146 889 674<\/p><p><strong>\u00a0<\/strong><\/p>\t\t\t\t\t\t<\/div>\n\t\t\t\t<\/div>\n\t\t\t\t\t<\/div>\n\t\t<\/div>\n\t\t\t\t\t\t\t<\/div>\n\t\t<\/section>\n\t\t\t\t<section data-particle_enable=\"false\" data-particle-mobile-disabled=\"false\" class=\"elementor-section elementor-top-section elementor-element elementor-element-6f2e47e elementor-section-boxed elementor-section-height-default elementor-section-height-default\" data-id=\"6f2e47e\" data-element_type=\"section\">\n\t\t\t\t\t\t<div class=\"elementor-container elementor-column-gap-default\">\n\t\t\t\t\t<div class=\"elementor-column elementor-col-100 elementor-top-column elementor-element elementor-element-c3950cd\" data-id=\"c3950cd\" data-element_type=\"column\">\n\t\t\t<div class=\"elementor-widget-wrap elementor-element-populated\">\n\t\t\t\t\t\t\t\t<div class=\"elementor-element elementor-element-650912c elementor-widget elementor-widget-heading\" data-id=\"650912c\" data-element_type=\"widget\" data-widget_type=\"heading.default\">\n\t\t\t\t<div class=\"elementor-widget-container\">\n\t\t\t<h2 class=\"elementor-heading-title elementor-size-default\">Haftungausschlu\u00df<\/h2>\t\t<\/div>\n\t\t\t\t<\/div>\n\t\t\t\t<div class=\"elementor-element elementor-element-022d7f9 elementor-widget-divider--view-line elementor-widget elementor-widget-divider\" data-id=\"022d7f9\" data-element_type=\"widget\" data-widget_type=\"divider.default\">\n\t\t\t\t<div class=\"elementor-widget-container\">\n\t\t\t\t\t<div class=\"elementor-divider\">\n\t\t\t<span class=\"elementor-divider-separator\">\n\t\t\t\t\t\t<\/span>\n\t\t<\/div>\n\t\t\t\t<\/div>\n\t\t\t\t<\/div>\n\t\t\t\t\t<\/div>\n\t\t<\/div>\n\t\t\t\t\t\t\t<\/div>\n\t\t<\/section>\n\t\t\t\t<section data-particle_enable=\"false\" data-particle-mobile-disabled=\"false\" class=\"elementor-section elementor-top-section elementor-element elementor-element-d7a4b86 elementor-section-boxed elementor-section-height-default elementor-section-height-default\" data-id=\"d7a4b86\" data-element_type=\"section\">\n\t\t\t\t\t\t<div class=\"elementor-container elementor-column-gap-default\">\n\t\t\t\t\t<div class=\"elementor-column elementor-col-100 elementor-top-column elementor-element elementor-element-96d155d\" data-id=\"96d155d\" data-element_type=\"column\">\n\t\t\t<div class=\"elementor-widget-wrap elementor-element-populated\">\n\t\t\t\t\t\t\t\t<div class=\"elementor-element elementor-element-fa33811 elementor-widget elementor-widget-text-editor\" data-id=\"fa33811\" data-element_type=\"widget\" data-widget_type=\"text-editor.default\">\n\t\t\t\t<div class=\"elementor-widget-container\">\n\t\t\t\t\t\t\t<h3>1. Inhalt des Onlineangebotes<\/h3><p>Der Autor \u00fcbernimmt keinerlei Gew\u00e4hr f\u00fcr die Aktualit\u00e4t, Korrektheit, Vollst\u00e4ndigkeit oder Qualit\u00e4t der bereitgestellten Informationen. Haftungsanspr\u00fcche gegen den Autor, welche sich auf Sch\u00e4den materieller oder ideeller Art beziehen, die durch die Nutzung oder Nichtnutzung der dargebotenen Informationen bzw. durch die Nutzung fehlerhafter und unvollst\u00e4ndiger Informationen verursacht wurden, sind grunds\u00e4tzlich ausgeschlossen, sofern seitens des Autors kein nachweislich vors\u00e4tzliches oder grob fahrl\u00e4ssiges Verschulden vorliegt. Alle Angebote sind freibleibend und unverbindlich. Der Autor beh\u00e4lt es sich ausdr\u00fccklich vor, Teile der Seiten oder das gesamte Angebot ohne gesonderte Ank\u00fcndigung zu ver\u00e4ndern, zu erg\u00e4nzen, zu l\u00f6schen oder die Ver\u00f6ffentlichung zeitweise oder endg\u00fcltig einzustellen.<\/p><h3>2. Verweise und Links<\/h3><p>Bei direkten oder indirekten Verweisen auf fremde Webseiten (\u201eHyperlinks\u201c), die au\u00dferhalb des Verantwortungsbereiches des Autors liegen, w\u00fcrde eine Haftungsverpflichtung ausschlie\u00dflich in dem Fall in Kraft treten, in dem der Autor von den Inhalten Kenntnis hat und es ihm technisch m\u00f6glich und zumutbar w\u00e4re, die Nutzung im Falle rechtswidriger Inhalte zu verhindern. Der Autor erkl\u00e4rt hiermit ausdr\u00fccklich, dass zum Zeitpunkt der Linksetzung keine illegalen Inhalte auf den zu verlinkenden Seiten erkennbar waren. Auf die aktuelle und zuk\u00fcnftige Gestaltung, die Inhalte oder die Urheberschaft der verlinkten\/verkn\u00fcpften Seiten hat der Autor keinerlei Einfluss. Deshalb distanziert er sich hiermit ausdr\u00fccklich von allen Inhalten aller verlinkten \/verkn\u00fcpften Seiten, die nach der Linksetzung ver\u00e4ndert wurden. Diese Feststellung gilt f\u00fcr alle innerhalb des eigenen Internetangebotes gesetzten Links und Verweise sowie f\u00fcr Fremdeintr\u00e4ge in vom Autor eingerichteten G\u00e4steb\u00fcchern, Diskussionsforen, Linkverzeichnissen, Mailinglisten und in allen anderen Formen von Datenbanken, auf deren Inhalt externe Schreibzugriffe m\u00f6glich sind. F\u00fcr illegale, fehlerhafte oder unvollst\u00e4ndige Inhalte und insbesondere f\u00fcr Sch\u00e4den, die aus der Nutzung oder Nichtnutzung solcherart dargebotener Informationen entstehen, haftet allein der Anbieter der Seite, auf welche verwiesen wurde, nicht derjenige, der \u00fcber Links auf die jeweilige Ver\u00f6ffentlichung lediglich verweist.<\/p><h3>3. Urheber- und Kennzeichenrecht<\/h3><p>Der Autor ist bestrebt, in allen Publikationen die Urheberrechte der verwendeten Bilder, Grafiken, Tondokumente, Videosequenzen und Texte zu beachten, von ihm selbst erstellte Bilder, Grafiken, Tondokumente, Videosequenzen und Texte zu nutzen oder auf lizenzfreie Grafiken, Tondokumente, Videosequenzen und Texte zur\u00fcckzugreifen. Alle innerhalb des Internetangebotes genannten und ggf. durch Dritte gesch\u00fctzten Marken- und Warenzeichen unterliegen uneingeschr\u00e4nkt den Bestimmungen des jeweils g\u00fcltigen Kennzeichenrechts und den Besitzrechten der jeweiligen eingetragenen Eigent\u00fcmer. Allein aufgrund der blo\u00dfen Nennung ist nicht der Schluss zu ziehen, dass Markenzeichen nicht durch Rechte Dritter gesch\u00fctzt sind! Das Copyright f\u00fcr ver\u00f6ffentlichte, vom Autor selbst erstellte Objekte bleibt allein beim Autor der Seiten. Eine Vervielf\u00e4ltigung oder Verwendung solcher Grafiken, Tondokumente, Videosequenzen und Texte in anderen elektronischen oder gedruckten Publikationen ist ohne ausdr\u00fcckliche Zustimmung des Autors nicht gestattet.<\/p><h3>4. Datenschutz<\/h3><p>Sofern innerhalb des Internetangebotes die M\u00f6glichkeit zur Eingabe pers\u00f6nlicher oder gesch\u00e4ftlicher Daten (Emailadressen, Namen, Anschriften) besteht, so erfolgt die Preisgabe dieser Daten seitens des Nutzers auf ausdr\u00fccklich freiwilliger Basis. Die Inanspruchnahme und Bezahlung aller angebotenen Dienste ist \u2013 soweit technisch m\u00f6glich und zumutbar \u2013 auch ohne Angabe solcher Daten bzw. unter Angabe anonymisierter Daten oder eines Pseudonyms gestattet. Die Nutzung der im Rahmen des Impressums oder vergleichbarer Angaben ver\u00f6ffentlichten Kontaktdaten wie Postanschriften, Telefon- und Faxnummern sowie Emailadressen durch Dritte zur \u00dcbersendung von nicht ausdr\u00fccklich angeforderten Informationen ist nicht gestattet. Rechtliche Schritte gegen die Versender von sogenannten Spam-Mails bei Verst\u00f6ssen gegen dieses Verbot sind ausdr\u00fccklich vorbehalten.<\/p><h3>5. Rechtswirksamkeit dieses Haftungsausschlusses<\/h3><p>Dieser Haftungsausschluss ist als Teil des Internetangebotes zu betrachten, von dem aus auf diese Seite verwiesen wurde. Sofern Teile oder einzelne Formulierungen dieses Textes der geltenden Rechtslage nicht, nicht mehr oder nicht vollst\u00e4ndig entsprechen sollten, bleiben die \u00fcbrigen Teile des Dokumentes in ihrem Inhalt und ihrer G\u00fcltigkeit davon unber\u00fchrt.<\/p>\t\t\t\t\t\t<\/div>\n\t\t\t\t<\/div>\n\t\t\t\t\t<\/div>\n\t\t<\/div>\n\t\t\t\t\t\t\t<\/div>\n\t\t<\/section>\n\t\t\t\t\t\t\t<\/div>\n\t\t","protected":false},"excerpt":{"rendered":"<p>Impressum Verantwortlich im Sinne von ? 5 TMG (Telemediengesetz) f?r diesen Internetauftritt ist: Universit?tsklinikum T?bingenGeissweg 372076 T?bingen Tel.: +49 07071 29-0Fax: +49 07071 29-3966Webseite: www.medizin.uni-tuebingen.de Institutskennzeichen: IK 260 840 108 Steuer-Nr.: 86156\/09402 USt-ID: DE 146 889 674 ? Haftungausschlu? 1. Inhalt des Onlineangebotes Der Autor ?bernimmt keinerlei Gew?hr f?r die Aktualit?t, Korrektheit, Vollst?ndigkeit oder Qualit?t [&hellip;]<\/p>\n","protected":false},"author":8,"featured_media":0,"parent":0,"menu_order":98,"comment_status":"closed","ping_status":"closed","template":"elementor_header_footer","meta":{"footnotes":""},"yoast_head":"<!-- This site is optimized with the Yoast SEO plugin v21.8 - https:\/\/yoast.com\/wordpress\/plugins\/seo\/ -->\n<title>Impressum - Rheuma Camp 2022<\/title>\n<meta name=\"robots\" content=\"noindex, follow, max-snippet:-1, max-image-preview:large, max-video-preview:-1\" \/>\n<meta property=\"og:locale\" content=\"de_DE\" \/>\n<meta property=\"og:type\" content=\"article\" \/>\n<meta property=\"og:title\" content=\"Impressum - Rheuma Camp 2022\" \/>\n<meta property=\"og:description\" content=\"Impressum Verantwortlich im Sinne von ? 5 TMG (Telemediengesetz) f?r diesen Internetauftritt ist: Universit?tsklinikum T?bingenGeissweg 372076 T?bingen Tel.: +49 07071 29-0Fax: +49 07071 29-3966Webseite: www.medizin.uni-tuebingen.de Institutskennzeichen: IK 260 840 108 Steuer-Nr.: 86156\/09402 USt-ID: DE 146 889 674 ? Haftungausschlu? 1. Inhalt des Onlineangebotes Der Autor ?bernimmt keinerlei Gew?hr f?r die Aktualit?t, Korrektheit, Vollst?ndigkeit oder Qualit?t [&hellip;]\" \/>\n<meta property=\"og:url\" content=\"https:\/\/www.rheuma-camp.org\/2022\/impressum\/\" \/>\n<meta property=\"og:site_name\" content=\"Rheuma Camp 2022\" \/>\n<meta property=\"article:modified_time\" content=\"2020-02-27T14:55:44+00:00\" \/>\n<meta name=\"twitter:card\" content=\"summary_large_image\" \/>\n<meta name=\"twitter:label1\" content=\"Gesch\u00e4tzte Lesezeit\" \/>\n\t<meta name=\"twitter:data1\" content=\"3\u00a0Minuten\" \/>\n<script type=\"application\/ld+json\" class=\"yoast-schema-graph\">{\"@context\":\"https:\/\/schema.org\",\"@graph\":[{\"@type\":\"WebPage\",\"@id\":\"https:\/\/www.rheuma-camp.org\/2022\/impressum\/\",\"url\":\"https:\/\/www.rheuma-camp.org\/2022\/impressum\/\",\"name\":\"Impressum - Rheuma Camp 2022\",\"isPartOf\":{\"@id\":\"https:\/\/www.rheuma-camp.org\/2022\/#website\"},\"datePublished\":\"2020-01-17T12:50:12+00:00\",\"dateModified\":\"2020-02-27T14:55:44+00:00\",\"breadcrumb\":{\"@id\":\"https:\/\/www.rheuma-camp.org\/2022\/impressum\/#breadcrumb\"},\"inLanguage\":\"de\",\"potentialAction\":[{\"@type\":\"ReadAction\",\"target\":[\"https:\/\/www.rheuma-camp.org\/2022\/impressum\/\"]}]},{\"@type\":\"BreadcrumbList\",\"@id\":\"https:\/\/www.rheuma-camp.org\/2022\/impressum\/#breadcrumb\",\"itemListElement\":[{\"@type\":\"ListItem\",\"position\":1,\"name\":\"Startseite\",\"item\":\"https:\/\/www.rheuma-camp.org\/2022\/\"},{\"@type\":\"ListItem\",\"position\":2,\"name\":\"Impressum\"}]},{\"@type\":\"WebSite\",\"@id\":\"https:\/\/www.rheuma-camp.org\/2022\/#website\",\"url\":\"https:\/\/www.rheuma-camp.org\/2022\/\",\"name\":\"Rheuma Camp 2022\",\"description\":\"\",\"publisher\":{\"@id\":\"https:\/\/www.rheuma-camp.org\/2022\/#organization\"},\"potentialAction\":[{\"@type\":\"SearchAction\",\"target\":{\"@type\":\"EntryPoint\",\"urlTemplate\":\"https:\/\/www.rheuma-camp.org\/2022\/?s={search_term_string}\"},\"query-input\":\"required name=search_term_string\"}],\"inLanguage\":\"de\"},{\"@type\":\"Organization\",\"@id\":\"https:\/\/www.rheuma-camp.org\/2022\/#organization\",\"name\":\"Rheuma Camp 2020\",\"url\":\"https:\/\/www.rheuma-camp.org\/2022\/\",\"logo\":{\"@type\":\"ImageObject\",\"inLanguage\":\"de\",\"@id\":\"https:\/\/www.rheuma-camp.org\/2022\/#\/schema\/logo\/image\/\",\"url\":\"\",\"contentUrl\":\"\",\"caption\":\"Rheuma Camp 2020\"},\"image\":{\"@id\":\"https:\/\/www.rheuma-camp.org\/2022\/#\/schema\/logo\/image\/\"}}]}<\/script>\n<!-- \/ Yoast SEO plugin. -->","yoast_head_json":{"title":"Impressum - Rheuma Camp 2022","robots":{"index":"noindex","follow":"follow","max-snippet":"max-snippet:-1","max-image-preview":"max-image-preview:large","max-video-preview":"max-video-preview:-1"},"og_locale":"de_DE","og_type":"article","og_title":"Impressum - Rheuma Camp 2022","og_description":"Impressum Verantwortlich im Sinne von ? 5 TMG (Telemediengesetz) f?r diesen Internetauftritt ist: Universit?tsklinikum T?bingenGeissweg 372076 T?bingen Tel.: +49 07071 29-0Fax: +49 07071 29-3966Webseite: www.medizin.uni-tuebingen.de Institutskennzeichen: IK 260 840 108 Steuer-Nr.: 86156\/09402 USt-ID: DE 146 889 674 ? Haftungausschlu? 1. Inhalt des Onlineangebotes Der Autor ?bernimmt keinerlei Gew?hr f?r die Aktualit?t, Korrektheit, Vollst?ndigkeit oder Qualit?t [&hellip;]","og_url":"https:\/\/www.rheuma-camp.org\/2022\/impressum\/","og_site_name":"Rheuma Camp 2022","article_modified_time":"2020-02-27T14:55:44+00:00","twitter_card":"summary_large_image","twitter_misc":{"Gesch\u00e4tzte Lesezeit":"3\u00a0Minuten"},"schema":{"@context":"https:\/\/schema.org","@graph":[{"@type":"WebPage","@id":"https:\/\/www.rheuma-camp.org\/2022\/impressum\/","url":"https:\/\/www.rheuma-camp.org\/2022\/impressum\/","name":"Impressum - Rheuma Camp 2022","isPartOf":{"@id":"https:\/\/www.rheuma-camp.org\/2022\/#website"},"datePublished":"2020-01-17T12:50:12+00:00","dateModified":"2020-02-27T14:55:44+00:00","breadcrumb":{"@id":"https:\/\/www.rheuma-camp.org\/2022\/impressum\/#breadcrumb"},"inLanguage":"de","potentialAction":[{"@type":"ReadAction","target":["https:\/\/www.rheuma-camp.org\/2022\/impressum\/"]}]},{"@type":"BreadcrumbList","@id":"https:\/\/www.rheuma-camp.org\/2022\/impressum\/#breadcrumb","itemListElement":[{"@type":"ListItem","position":1,"name":"Startseite","item":"https:\/\/www.rheuma-camp.org\/2022\/"},{"@type":"ListItem","position":2,"name":"Impressum"}]},{"@type":"WebSite","@id":"https:\/\/www.rheuma-camp.org\/2022\/#website","url":"https:\/\/www.rheuma-camp.org\/2022\/","name":"Rheuma Camp 2022","description":"","publisher":{"@id":"https:\/\/www.rheuma-camp.org\/2022\/#organization"},"potentialAction":[{"@type":"SearchAction","target":{"@type":"EntryPoint","urlTemplate":"https:\/\/www.rheuma-camp.org\/2022\/?s={search_term_string}"},"query-input":"required name=search_term_string"}],"inLanguage":"de"},{"@type":"Organization","@id":"https:\/\/www.rheuma-camp.org\/2022\/#organization","name":"Rheuma Camp 2020","url":"https:\/\/www.rheuma-camp.org\/2022\/","logo":{"@type":"ImageObject","inLanguage":"de","@id":"https:\/\/www.rheuma-camp.org\/2022\/#\/schema\/logo\/image\/","url":"","contentUrl":"","caption":"Rheuma Camp 2020"},"image":{"@id":"https:\/\/www.rheuma-camp.org\/2022\/#\/schema\/logo\/image\/"}}]}},"_links":{"self":[{"href":"https:\/\/www.rheuma-camp.org\/2022\/wp-json\/wp\/v2\/pages\/387"}],"collection":[{"href":"https:\/\/www.rheuma-camp.org\/2022\/wp-json\/wp\/v2\/pages"}],"about":[{"href":"https:\/\/www.rheuma-camp.org\/2022\/wp-json\/wp\/v2\/types\/page"}],"author":[{"embeddable":true,"href":"https:\/\/www.rheuma-camp.org\/2022\/wp-json\/wp\/v2\/users\/8"}],"replies":[{"embeddable":true,"href":"https:\/\/www.rheuma-camp.org\/2022\/wp-json\/wp\/v2\/comments?post=387"}],"version-history":[{"count":0,"href":"https:\/\/www.rheuma-camp.org\/2022\/wp-json\/wp\/v2\/pages\/387\/revisions"}],"wp:attachment":[{"href":"https:\/\/www.rheuma-camp.org\/2022\/wp-json\/wp\/v2\/media?parent=387"}],"curies":[{"name":"wp","href":"https:\/\/api.w.org\/{rel}","templated":true}]}}