{"id":1438,"date":"2020-02-21T16:57:19","date_gmt":"2020-02-21T15:57:19","guid":{"rendered":"https:\/\/www.rheuma-camp.org\/2022\/?page_id=1438"},"modified":"2023-04-13T10:14:09","modified_gmt":"2023-04-13T08:14:09","slug":"anmeldung","status":"publish","type":"page","link":"https:\/\/www.rheuma-camp.org\/2022\/anmeldung\/","title":{"rendered":"Anmeldung"},"content":{"rendered":"\t\t<div data-elementor-type=\"wp-page\" data-elementor-id=\"1438\" class=\"elementor elementor-1438\">\n\t\t\t\t\t\t\t\t\t<section data-particle_enable=\"false\" data-particle-mobile-disabled=\"false\" class=\"elementor-section elementor-top-section elementor-element elementor-element-1762a58 elementor-section-boxed elementor-section-height-default elementor-section-height-default\" data-id=\"1762a58\" data-element_type=\"section\">\n\t\t\t\t\t\t<div class=\"elementor-container elementor-column-gap-default\">\n\t\t\t\t\t<div class=\"elementor-column elementor-col-100 elementor-top-column elementor-element elementor-element-4753b2a\" data-id=\"4753b2a\" data-element_type=\"column\">\n\t\t\t<div class=\"elementor-widget-wrap elementor-element-populated\">\n\t\t\t\t\t\t\t\t<div class=\"elementor-element elementor-element-369a6a9 elementor-widget elementor-widget-heading\" data-id=\"369a6a9\" data-element_type=\"widget\" data-widget_type=\"heading.default\">\n\t\t\t\t<div class=\"elementor-widget-container\">\n\t\t\t<h2 class=\"elementor-heading-title elementor-size-default\">Anmeldung<\/h2>\t\t<\/div>\n\t\t\t\t<\/div>\n\t\t\t\t<div class=\"elementor-element elementor-element-89841fe elementor-widget-divider--view-line elementor-widget elementor-widget-divider\" data-id=\"89841fe\" data-element_type=\"widget\" data-widget_type=\"divider.default\">\n\t\t\t\t<div class=\"elementor-widget-container\">\n\t\t\t\t\t<div class=\"elementor-divider\">\n\t\t\t<span class=\"elementor-divider-separator\">\n\t\t\t\t\t\t<\/span>\n\t\t<\/div>\n\t\t\t\t<\/div>\n\t\t\t\t<\/div>\n\t\t\t\t\t<\/div>\n\t\t<\/div>\n\t\t\t\t\t\t\t<\/div>\n\t\t<\/section>\n\t\t\t\t<section data-particle_enable=\"false\" data-particle-mobile-disabled=\"false\" class=\"elementor-section elementor-top-section elementor-element elementor-element-87317ef elementor-section-boxed elementor-section-height-default elementor-section-height-default\" data-id=\"87317ef\" data-element_type=\"section\">\n\t\t\t\t\t\t<div class=\"elementor-container elementor-column-gap-default\">\n\t\t\t\t\t<div class=\"elementor-column elementor-col-100 elementor-top-column elementor-element elementor-element-9538974\" data-id=\"9538974\" data-element_type=\"column\">\n\t\t\t<div class=\"elementor-widget-wrap elementor-element-populated\">\n\t\t\t\t\t\t\t\t<div class=\"elementor-element elementor-element-ef39332 elementor-widget elementor-widget-text-editor\" data-id=\"ef39332\" data-element_type=\"widget\" data-widget_type=\"text-editor.default\">\n\t\t\t\t<div class=\"elementor-widget-container\">\n\t\t\t\t\t\t\t<p>Melde dich hier zum Rheuma-Camp 2022 in Eriskirch am Bodensee an. Dort kannst Du mit Gleichgesinnten Erfahrungen austauschen, neue Bekanntschaften schlie\u00dfen und neue Informationen \u00fcber Rheuma erhalten.<\/p><p><strong>Die Anmeldung ist geschlossen.<\/strong><\/p>\t\t\t\t\t\t<\/div>\n\t\t\t\t<\/div>\n\t\t\t\t<div class=\"elementor-element elementor-element-2d32466 elementor-hidden-desktop elementor-hidden-tablet elementor-hidden-mobile elementor-widget elementor-widget-text-editor\" data-id=\"2d32466\" data-element_type=\"widget\" data-widget_type=\"text-editor.default\">\n\t\t\t\t<div class=\"elementor-widget-container\">\n\t\t\t\t\t\t\t<p>Die Anmeldung steht Ihnen hier <b>ab Januar 2022<\/b> zur Verf\u00fcgung.<\/p>\t\t\t\t\t\t<\/div>\n\t\t\t\t<\/div>\n\t\t\t\t\t<\/div>\n\t\t<\/div>\n\t\t\t\t\t\t\t<\/div>\n\t\t<\/section>\n\t\t\t\t<section data-particle_enable=\"false\" data-particle-mobile-disabled=\"false\" class=\"elementor-section elementor-top-section elementor-element elementor-element-7974692 elementor-section-boxed elementor-section-height-default elementor-section-height-default\" data-id=\"7974692\" data-element_type=\"section\" data-settings=\"{&quot;background_background&quot;:&quot;classic&quot;}\">\n\t\t\t\t\t\t<div class=\"elementor-container elementor-column-gap-default\">\n\t\t\t\t\t<div class=\"elementor-column elementor-col-100 elementor-top-column elementor-element elementor-element-3304e09\" data-id=\"3304e09\" data-element_type=\"column\">\n\t\t\t<div class=\"elementor-widget-wrap elementor-element-populated\">\n\t\t\t\t\t\t\t\t<div class=\"elementor-element elementor-element-49b6383 elementor-widget elementor-widget-heading\" data-id=\"49b6383\" data-element_type=\"widget\" data-widget_type=\"heading.default\">\n\t\t\t\t<div class=\"elementor-widget-container\">\n\t\t\t<h2 class=\"elementor-heading-title elementor-size-default\">\u00dcberblick<\/h2>\t\t<\/div>\n\t\t\t\t<\/div>\n\t\t\t\t<div class=\"elementor-element elementor-element-8ecbfb4 elementor-widget-divider--view-line elementor-widget elementor-widget-divider\" data-id=\"8ecbfb4\" data-element_type=\"widget\" data-widget_type=\"divider.default\">\n\t\t\t\t<div class=\"elementor-widget-container\">\n\t\t\t\t\t<div class=\"elementor-divider\">\n\t\t\t<span class=\"elementor-divider-separator\">\n\t\t\t\t\t\t<\/span>\n\t\t<\/div>\n\t\t\t\t<\/div>\n\t\t\t\t<\/div>\n\t\t\t\t\t<\/div>\n\t\t<\/div>\n\t\t\t\t\t\t\t<\/div>\n\t\t<\/section>\n\t\t\t\t<section data-particle_enable=\"false\" data-particle-mobile-disabled=\"false\" class=\"elementor-section elementor-top-section elementor-element elementor-element-e5b2bcd elementor-section-content-top elementor-section-boxed elementor-section-height-default elementor-section-height-default\" data-id=\"e5b2bcd\" data-element_type=\"section\" data-settings=\"{&quot;background_background&quot;:&quot;classic&quot;}\">\n\t\t\t\t\t\t<div class=\"elementor-container elementor-column-gap-default\">\n\t\t\t\t\t<div class=\"elementor-column elementor-col-50 elementor-top-column elementor-element elementor-element-44d48ea\" data-id=\"44d48ea\" data-element_type=\"column\">\n\t\t\t<div class=\"elementor-widget-wrap elementor-element-populated\">\n\t\t\t\t\t\t\t\t<div class=\"elementor-element elementor-element-99f555a elementor-widget elementor-widget-heading\" data-id=\"99f555a\" data-element_type=\"widget\" data-widget_type=\"heading.default\">\n\t\t\t\t<div class=\"elementor-widget-container\">\n\t\t\t<h2 class=\"elementor-heading-title elementor-size-default\">Wer<\/h2>\t\t<\/div>\n\t\t\t\t<\/div>\n\t\t\t\t\t<\/div>\n\t\t<\/div>\n\t\t\t\t<div class=\"elementor-column elementor-col-50 elementor-top-column elementor-element elementor-element-ef64ad6\" data-id=\"ef64ad6\" data-element_type=\"column\">\n\t\t\t<div class=\"elementor-widget-wrap elementor-element-populated\">\n\t\t\t\t\t\t\t\t<div class=\"elementor-element elementor-element-d699e45 elementor-widget elementor-widget-text-editor\" data-id=\"d699e45\" data-element_type=\"widget\" data-widget_type=\"text-editor.default\">\n\t\t\t\t<div class=\"elementor-widget-container\">\n\t\t\t\t\t\t\t<p>Die Zielgruppe f\u00fcr das Rheuma Camp 2022 sind <strong>Jugendliche und junge Erwachsene mit rheumatischen Erkrankungen im Alter 16-22+<\/strong><\/p>\t\t\t\t\t\t<\/div>\n\t\t\t\t<\/div>\n\t\t\t\t\t<\/div>\n\t\t<\/div>\n\t\t\t\t\t\t\t<\/div>\n\t\t<\/section>\n\t\t\t\t<section data-particle_enable=\"false\" data-particle-mobile-disabled=\"false\" class=\"elementor-section elementor-top-section elementor-element elementor-element-69947c4 elementor-section-content-top elementor-section-boxed elementor-section-height-default elementor-section-height-default\" data-id=\"69947c4\" data-element_type=\"section\" data-settings=\"{&quot;background_background&quot;:&quot;classic&quot;}\">\n\t\t\t\t\t\t<div class=\"elementor-container elementor-column-gap-default\">\n\t\t\t\t\t<div class=\"elementor-column elementor-col-50 elementor-top-column elementor-element elementor-element-f895965\" data-id=\"f895965\" data-element_type=\"column\">\n\t\t\t<div class=\"elementor-widget-wrap elementor-element-populated\">\n\t\t\t\t\t\t\t\t<div class=\"elementor-element elementor-element-8e495f7 elementor-widget elementor-widget-heading\" data-id=\"8e495f7\" data-element_type=\"widget\" data-widget_type=\"heading.default\">\n\t\t\t\t<div class=\"elementor-widget-container\">\n\t\t\t<h2 class=\"elementor-heading-title elementor-size-default\">Wann<\/h2>\t\t<\/div>\n\t\t\t\t<\/div>\n\t\t\t\t\t<\/div>\n\t\t<\/div>\n\t\t\t\t<div class=\"elementor-column elementor-col-50 elementor-top-column elementor-element elementor-element-643fc96\" data-id=\"643fc96\" data-element_type=\"column\">\n\t\t\t<div class=\"elementor-widget-wrap elementor-element-populated\">\n\t\t\t\t\t\t\t\t<div class=\"elementor-element elementor-element-92c2912 elementor-widget elementor-widget-text-editor\" data-id=\"92c2912\" data-element_type=\"widget\" data-widget_type=\"text-editor.default\">\n\t\t\t\t<div class=\"elementor-widget-container\">\n\t\t\t\t\t\t\t<p>Das Rheuma Camp 2022 findet vom <strong>26. Mai \u2013 29. Mai 2022<\/strong>&nbsp;statt.<\/p>\t\t\t\t\t\t<\/div>\n\t\t\t\t<\/div>\n\t\t\t\t\t<\/div>\n\t\t<\/div>\n\t\t\t\t\t\t\t<\/div>\n\t\t<\/section>\n\t\t\t\t<section data-particle_enable=\"false\" data-particle-mobile-disabled=\"false\" class=\"elementor-section elementor-top-section elementor-element elementor-element-bdc0077 elementor-section-content-top elementor-section-boxed elementor-section-height-default elementor-section-height-default\" data-id=\"bdc0077\" data-element_type=\"section\" data-settings=\"{&quot;background_background&quot;:&quot;classic&quot;}\">\n\t\t\t\t\t\t<div class=\"elementor-container elementor-column-gap-default\">\n\t\t\t\t\t<div class=\"elementor-column elementor-col-50 elementor-top-column elementor-element elementor-element-1a44bbd\" data-id=\"1a44bbd\" data-element_type=\"column\">\n\t\t\t<div class=\"elementor-widget-wrap elementor-element-populated\">\n\t\t\t\t\t\t\t\t<div class=\"elementor-element elementor-element-6765a90 elementor-widget elementor-widget-heading\" data-id=\"6765a90\" data-element_type=\"widget\" data-widget_type=\"heading.default\">\n\t\t\t\t<div class=\"elementor-widget-container\">\n\t\t\t<h4 class=\"elementor-heading-title elementor-size-default\">Kosten<\/h4>\t\t<\/div>\n\t\t\t\t<\/div>\n\t\t\t\t\t<\/div>\n\t\t<\/div>\n\t\t\t\t<div class=\"elementor-column elementor-col-50 elementor-top-column elementor-element elementor-element-e8af88d\" data-id=\"e8af88d\" data-element_type=\"column\">\n\t\t\t<div class=\"elementor-widget-wrap elementor-element-populated\">\n\t\t\t\t\t\t\t\t<div class=\"elementor-element elementor-element-620cd19 elementor-widget elementor-widget-text-editor\" data-id=\"620cd19\" data-element_type=\"widget\" data-widget_type=\"text-editor.default\">\n\t\t\t\t<div class=\"elementor-widget-container\">\n\t\t\t\t\t\t\t<p>Die Teilnahmegeb\u00fchr betr\u00e4gt <strong>100 EUR pro Person<\/strong> und beinhaltet 3,5 Tage Vollpension mit \u00dcbernachtung in 2- oder 3-Bettzimmern im G\u00e4stehaus St. <span class=\"ggV7z kno-desc-sh\" data-ved=\"2ahUKEwik9_SenZfnAhX6XRUIHU8iCCcQ200wFXoECBAQAw\">Theresia, <\/span>sowie die Teilnahme an allen geplanten <a href=\".\/programm\">Programmpunkten<\/a>.<\/p>\t\t\t\t\t\t<\/div>\n\t\t\t\t<\/div>\n\t\t\t\t\t<\/div>\n\t\t<\/div>\n\t\t\t\t\t\t\t<\/div>\n\t\t<\/section>\n\t\t\t\t<section data-particle_enable=\"false\" data-particle-mobile-disabled=\"false\" class=\"elementor-section elementor-top-section elementor-element elementor-element-ab610b7 elementor-section-content-top elementor-section-boxed elementor-section-height-default elementor-section-height-default\" data-id=\"ab610b7\" data-element_type=\"section\" data-settings=\"{&quot;background_background&quot;:&quot;classic&quot;}\">\n\t\t\t\t\t\t<div class=\"elementor-container elementor-column-gap-default\">\n\t\t\t\t\t<div class=\"elementor-column elementor-col-50 elementor-top-column elementor-element elementor-element-d8744bb\" data-id=\"d8744bb\" data-element_type=\"column\">\n\t\t\t<div class=\"elementor-widget-wrap elementor-element-populated\">\n\t\t\t\t\t\t\t\t<div class=\"elementor-element elementor-element-68fef11 elementor-widget elementor-widget-heading\" data-id=\"68fef11\" data-element_type=\"widget\" data-widget_type=\"heading.default\">\n\t\t\t\t<div class=\"elementor-widget-container\">\n\t\t\t<h4 class=\"elementor-heading-title elementor-size-default\">Wo<\/h4>\t\t<\/div>\n\t\t\t\t<\/div>\n\t\t\t\t\t<\/div>\n\t\t<\/div>\n\t\t\t\t<div class=\"elementor-column elementor-col-50 elementor-top-column elementor-element elementor-element-6c9e304\" data-id=\"6c9e304\" data-element_type=\"column\">\n\t\t\t<div class=\"elementor-widget-wrap elementor-element-populated\">\n\t\t\t\t\t\t\t\t<div class=\"elementor-element elementor-element-7941442 elementor-widget elementor-widget-text-editor\" data-id=\"7941442\" data-element_type=\"widget\" data-widget_type=\"text-editor.default\">\n\t\t\t\t<div class=\"elementor-widget-container\">\n\t\t\t\t\t\t\t<p>Das Rheuma Camp 2022 findet im <strong>G\u00e4stehaus St. Theresia, Eriskirch am Bodensee <\/strong>statt<strong><br \/><\/strong><\/p>\t\t\t\t\t\t<\/div>\n\t\t\t\t<\/div>\n\t\t\t\t\t<\/div>\n\t\t<\/div>\n\t\t\t\t\t\t\t<\/div>\n\t\t<\/section>\n\t\t\t\t<section data-particle_enable=\"false\" data-particle-mobile-disabled=\"false\" class=\"elementor-section elementor-top-section elementor-element elementor-element-d5e70c1 elementor-section-content-top elementor-section-boxed elementor-section-height-default elementor-section-height-default\" data-id=\"d5e70c1\" data-element_type=\"section\" data-settings=\"{&quot;background_background&quot;:&quot;classic&quot;}\">\n\t\t\t\t\t\t<div class=\"elementor-container elementor-column-gap-default\">\n\t\t\t\t\t<div class=\"elementor-column elementor-col-50 elementor-top-column elementor-element elementor-element-a41d151\" data-id=\"a41d151\" data-element_type=\"column\">\n\t\t\t<div class=\"elementor-widget-wrap elementor-element-populated\">\n\t\t\t\t\t\t\t\t<div class=\"elementor-element elementor-element-d0bf0e2 elementor-widget elementor-widget-heading\" data-id=\"d0bf0e2\" data-element_type=\"widget\" data-widget_type=\"heading.default\">\n\t\t\t\t<div class=\"elementor-widget-container\">\n\t\t\t<h2 class=\"elementor-heading-title elementor-size-default\">Anmeldung<\/h2>\t\t<\/div>\n\t\t\t\t<\/div>\n\t\t\t\t\t<\/div>\n\t\t<\/div>\n\t\t\t\t<div class=\"elementor-column elementor-col-50 elementor-top-column elementor-element elementor-element-d6724b1\" data-id=\"d6724b1\" data-element_type=\"column\">\n\t\t\t<div class=\"elementor-widget-wrap elementor-element-populated\">\n\t\t\t\t\t\t\t\t<div class=\"elementor-element elementor-element-a4bf68b elementor-widget elementor-widget-text-editor\" data-id=\"a4bf68b\" data-element_type=\"widget\" data-widget_type=\"text-editor.default\">\n\t\t\t\t<div class=\"elementor-widget-container\">\n\t\t\t\t\t\t\t<p>Die Anmeldung erfolgt ausschlie\u00dflich online.<br \/><strong>Die Teilnahme ist begrenzt auf 25 Teilnehmer!<\/strong><\/p>\t\t\t\t\t\t<\/div>\n\t\t\t\t<\/div>\n\t\t\t\t\t<\/div>\n\t\t<\/div>\n\t\t\t\t\t\t\t<\/div>\n\t\t<\/section>\n\t\t\t\t\t\t\t<\/div>\n\t\t","protected":false},"excerpt":{"rendered":"<p>Anmeldung Melde dich hier zum Rheuma-Camp 2022 in Eriskirch am Bodensee an. Dort kannst Du mit Gleichgesinnten Erfahrungen austauschen, neue Bekanntschaften schlie\u00dfen und neue Informationen \u00fcber Rheuma erhalten. Die Anmeldung ist geschlossen. Die Anmeldung steht Ihnen hier ab Januar 2022 zur Verf\u00fcgung. \u00dcberblick Wer Die Zielgruppe f\u00fcr das Rheuma Camp 2022 sind Jugendliche und junge [&hellip;]<\/p>\n","protected":false},"author":8,"featured_media":0,"parent":0,"menu_order":2,"comment_status":"closed","ping_status":"closed","template":"elementor_header_footer","meta":{"footnotes":""},"yoast_head":"<!-- This site is optimized with the Yoast SEO plugin v21.8 - https:\/\/yoast.com\/wordpress\/plugins\/seo\/ -->\n<title>Anmeldung - Rheuma Camp 2022<\/title>\n<meta name=\"robots\" content=\"noindex, follow, max-snippet:-1, max-image-preview:large, max-video-preview:-1\" \/>\n<meta property=\"og:locale\" content=\"de_DE\" \/>\n<meta property=\"og:type\" content=\"article\" \/>\n<meta property=\"og:title\" content=\"Anmeldung - Rheuma Camp 2022\" \/>\n<meta property=\"og:description\" content=\"Anmeldung Melde dich hier zum Rheuma-Camp 2022 in Eriskirch am Bodensee an. Dort kannst Du mit Gleichgesinnten Erfahrungen austauschen, neue Bekanntschaften schlie\u00dfen und neue Informationen \u00fcber Rheuma erhalten. Die Anmeldung ist geschlossen. Die Anmeldung steht Ihnen hier ab Januar 2022 zur Verf\u00fcgung. \u00dcberblick Wer Die Zielgruppe f\u00fcr das Rheuma Camp 2022 sind Jugendliche und junge [&hellip;]\" \/>\n<meta property=\"og:url\" content=\"https:\/\/www.rheuma-camp.org\/2022\/anmeldung\/\" \/>\n<meta property=\"og:site_name\" content=\"Rheuma Camp 2022\" \/>\n<meta property=\"article:modified_time\" content=\"2023-04-13T08:14:09+00:00\" \/>\n<meta name=\"twitter:card\" content=\"summary_large_image\" \/>\n<meta name=\"twitter:label1\" content=\"Gesch\u00e4tzte Lesezeit\" \/>\n\t<meta name=\"twitter:data1\" content=\"1\u00a0Minute\" \/>\n<script type=\"application\/ld+json\" class=\"yoast-schema-graph\">{\"@context\":\"https:\/\/schema.org\",\"@graph\":[{\"@type\":\"WebPage\",\"@id\":\"https:\/\/www.rheuma-camp.org\/2022\/anmeldung\/\",\"url\":\"https:\/\/www.rheuma-camp.org\/2022\/anmeldung\/\",\"name\":\"Anmeldung - Rheuma Camp 2022\",\"isPartOf\":{\"@id\":\"https:\/\/www.rheuma-camp.org\/2022\/#website\"},\"datePublished\":\"2020-02-21T15:57:19+00:00\",\"dateModified\":\"2023-04-13T08:14:09+00:00\",\"breadcrumb\":{\"@id\":\"https:\/\/www.rheuma-camp.org\/2022\/anmeldung\/#breadcrumb\"},\"inLanguage\":\"de\",\"potentialAction\":[{\"@type\":\"ReadAction\",\"target\":[\"https:\/\/www.rheuma-camp.org\/2022\/anmeldung\/\"]}]},{\"@type\":\"BreadcrumbList\",\"@id\":\"https:\/\/www.rheuma-camp.org\/2022\/anmeldung\/#breadcrumb\",\"itemListElement\":[{\"@type\":\"ListItem\",\"position\":1,\"name\":\"Startseite\",\"item\":\"https:\/\/www.rheuma-camp.org\/2022\/\"},{\"@type\":\"ListItem\",\"position\":2,\"name\":\"Anmeldung\"}]},{\"@type\":\"WebSite\",\"@id\":\"https:\/\/www.rheuma-camp.org\/2022\/#website\",\"url\":\"https:\/\/www.rheuma-camp.org\/2022\/\",\"name\":\"Rheuma Camp 2022\",\"description\":\"\",\"publisher\":{\"@id\":\"https:\/\/www.rheuma-camp.org\/2022\/#organization\"},\"potentialAction\":[{\"@type\":\"SearchAction\",\"target\":{\"@type\":\"EntryPoint\",\"urlTemplate\":\"https:\/\/www.rheuma-camp.org\/2022\/?s={search_term_string}\"},\"query-input\":\"required name=search_term_string\"}],\"inLanguage\":\"de\"},{\"@type\":\"Organization\",\"@id\":\"https:\/\/www.rheuma-camp.org\/2022\/#organization\",\"name\":\"Rheuma Camp 2020\",\"url\":\"https:\/\/www.rheuma-camp.org\/2022\/\",\"logo\":{\"@type\":\"ImageObject\",\"inLanguage\":\"de\",\"@id\":\"https:\/\/www.rheuma-camp.org\/2022\/#\/schema\/logo\/image\/\",\"url\":\"\",\"contentUrl\":\"\",\"caption\":\"Rheuma Camp 2020\"},\"image\":{\"@id\":\"https:\/\/www.rheuma-camp.org\/2022\/#\/schema\/logo\/image\/\"}}]}<\/script>\n<!-- \/ Yoast SEO plugin. -->","yoast_head_json":{"title":"Anmeldung - Rheuma Camp 2022","robots":{"index":"noindex","follow":"follow","max-snippet":"max-snippet:-1","max-image-preview":"max-image-preview:large","max-video-preview":"max-video-preview:-1"},"og_locale":"de_DE","og_type":"article","og_title":"Anmeldung - Rheuma Camp 2022","og_description":"Anmeldung Melde dich hier zum Rheuma-Camp 2022 in Eriskirch am Bodensee an. Dort kannst Du mit Gleichgesinnten Erfahrungen austauschen, neue Bekanntschaften schlie\u00dfen und neue Informationen \u00fcber Rheuma erhalten. Die Anmeldung ist geschlossen. Die Anmeldung steht Ihnen hier ab Januar 2022 zur Verf\u00fcgung. \u00dcberblick Wer Die Zielgruppe f\u00fcr das Rheuma Camp 2022 sind Jugendliche und junge [&hellip;]","og_url":"https:\/\/www.rheuma-camp.org\/2022\/anmeldung\/","og_site_name":"Rheuma Camp 2022","article_modified_time":"2023-04-13T08:14:09+00:00","twitter_card":"summary_large_image","twitter_misc":{"Gesch\u00e4tzte Lesezeit":"1\u00a0Minute"},"schema":{"@context":"https:\/\/schema.org","@graph":[{"@type":"WebPage","@id":"https:\/\/www.rheuma-camp.org\/2022\/anmeldung\/","url":"https:\/\/www.rheuma-camp.org\/2022\/anmeldung\/","name":"Anmeldung - Rheuma Camp 2022","isPartOf":{"@id":"https:\/\/www.rheuma-camp.org\/2022\/#website"},"datePublished":"2020-02-21T15:57:19+00:00","dateModified":"2023-04-13T08:14:09+00:00","breadcrumb":{"@id":"https:\/\/www.rheuma-camp.org\/2022\/anmeldung\/#breadcrumb"},"inLanguage":"de","potentialAction":[{"@type":"ReadAction","target":["https:\/\/www.rheuma-camp.org\/2022\/anmeldung\/"]}]},{"@type":"BreadcrumbList","@id":"https:\/\/www.rheuma-camp.org\/2022\/anmeldung\/#breadcrumb","itemListElement":[{"@type":"ListItem","position":1,"name":"Startseite","item":"https:\/\/www.rheuma-camp.org\/2022\/"},{"@type":"ListItem","position":2,"name":"Anmeldung"}]},{"@type":"WebSite","@id":"https:\/\/www.rheuma-camp.org\/2022\/#website","url":"https:\/\/www.rheuma-camp.org\/2022\/","name":"Rheuma Camp 2022","description":"","publisher":{"@id":"https:\/\/www.rheuma-camp.org\/2022\/#organization"},"potentialAction":[{"@type":"SearchAction","target":{"@type":"EntryPoint","urlTemplate":"https:\/\/www.rheuma-camp.org\/2022\/?s={search_term_string}"},"query-input":"required name=search_term_string"}],"inLanguage":"de"},{"@type":"Organization","@id":"https:\/\/www.rheuma-camp.org\/2022\/#organization","name":"Rheuma Camp 2020","url":"https:\/\/www.rheuma-camp.org\/2022\/","logo":{"@type":"ImageObject","inLanguage":"de","@id":"https:\/\/www.rheuma-camp.org\/2022\/#\/schema\/logo\/image\/","url":"","contentUrl":"","caption":"Rheuma Camp 2020"},"image":{"@id":"https:\/\/www.rheuma-camp.org\/2022\/#\/schema\/logo\/image\/"}}]}},"_links":{"self":[{"href":"https:\/\/www.rheuma-camp.org\/2022\/wp-json\/wp\/v2\/pages\/1438"}],"collection":[{"href":"https:\/\/www.rheuma-camp.org\/2022\/wp-json\/wp\/v2\/pages"}],"about":[{"href":"https:\/\/www.rheuma-camp.org\/2022\/wp-json\/wp\/v2\/types\/page"}],"author":[{"embeddable":true,"href":"https:\/\/www.rheuma-camp.org\/2022\/wp-json\/wp\/v2\/users\/8"}],"replies":[{"embeddable":true,"href":"https:\/\/www.rheuma-camp.org\/2022\/wp-json\/wp\/v2\/comments?post=1438"}],"version-history":[{"count":0,"href":"https:\/\/www.rheuma-camp.org\/2022\/wp-json\/wp\/v2\/pages\/1438\/revisions"}],"wp:attachment":[{"href":"https:\/\/www.rheuma-camp.org\/2022\/wp-json\/wp\/v2\/media?parent=1438"}],"curies":[{"name":"wp","href":"https:\/\/api.w.org\/{rel}","templated":true}]}}